{"id":201,"date":"2022-01-10T03:51:32","date_gmt":"2022-01-10T03:51:32","guid":{"rendered":"https:\/\/7oroofthemes.com\/lockey\/?page_id=201"},"modified":"2026-01-20T00:08:41","modified_gmt":"2026-01-20T03:08:41","slug":"blog","status":"publish","type":"page","link":"https:\/\/solucoespegasus.com.br\/en\/blog\/","title":{"rendered":"Blog"},"content":{"rendered":"\t\t<div data-elementor-type=\"wp-page\" data-elementor-id=\"201\" class=\"elementor elementor-201\">\n\t\t\t\t\t\t<section class=\"elementor-section elementor-top-section elementor-element elementor-element-ff7dfae elementor-section-boxed elementor-section-height-default elementor-section-height-default cms-section-no-padding-no cms-boxed-bg-false cms-full-width-bg-false cms-section-boxed-divider-false cms-remove-row-no cms-row-corner-no\" data-id=\"ff7dfae\" data-element_type=\"section\" data-e-type=\"section\">\r\n\t\t\t<div class=\"cms-overlay-gradient\"><\/div><div class=\"cms-section-boxed-bg\"><\/div><div class=\"cms-section-boxed-divider\"><\/div><div class=\"cms-elementor-section-remove\"><\/div><div class=\"cms-elementor-section-corner cms-elementor-section-corner-top\"><\/div><div class=\"cms-elementor-section-corner cms-elementor-section-corner-bottom\"><\/div>\t\t\t<div class=\"elementor-container elementor-column-gap-default \" >\r\n\t\t\t        <div class=\"elementor-column elementor-col-100 elementor-top-column elementor-element elementor-element-c74025b\" data-id=\"c74025b\" data-element_type=\"column\" data-e-type=\"column\">\r\n            <div class=\"elementor-widget-wrap elementor-element-populated\">\r\n                 \t\t<div class=\"elementor-element elementor-element-41abfea cms-post-layout-1 elementor-widget elementor-widget-cms_post_grid\" data-id=\"41abfea\" data-element_type=\"widget\" data-e-type=\"widget\" data-widget_type=\"cms_post_grid.default\">\n\t\t\t\t<div class=\"elementor-widget-container\">\n\t\t\t\t\t<div id=\"cms_post_grid-41abfea\" class=\"cms-grid\" data-layoutmode=\"fitRows\" data-layout=\"masonry\" data-start-page=\"1\" data-max-pages=\"1\" data-total=\"2\" data-perpage=\"6\" data-next-link=\"\">\n        <div class=\"cms-grid-inner row relative animation-time\" data-layout=\"fitRows\" style=\"margin:-20px\">\n        <div class=\"cms-grid-sizer\"><\/div>\n                    <div class=\"cms-grid-item col-xl-4 col-lg-4 col-md-6 col-sm-12 item-1 last-sm\" style=\"padding:20px;\">\n                    <div class=\"cms-item-content bg-white cms-shadow-1\">    <div class=\"cms-featured cms-post-standard  cms-media\"><div class=\"cms-featured-inner relative\">            <div class=\"post-image cms-post-image \">\n                <a href=\"https:\/\/solucoespegasus.com.br\/en\/eficiencia-das-barreiras-fisicas-no-condominio-quando-concertina-lanca-perfurante-e-cerca-eletrica-realmente-funcionam\/\" title=\"9202Blog\" rel=\"nofollow\" class=\"d-block relative overflow-hidden\"><img decoding=\"async\" width=\"840\" height=\"562\" src=\"https:\/\/solucoespegasus.com.br\/wp-content\/uploads\/2026\/02\/Imagem-1-blog.png\" class=\"w-100 cms-img\" alt=\"\" srcset=\"https:\/\/solucoespegasus.com.br\/wp-content\/uploads\/2026\/02\/Imagem-1-blog.png 840w, https:\/\/solucoespegasus.com.br\/wp-content\/uploads\/2026\/02\/Imagem-1-blog-18x12.png 18w, https:\/\/solucoespegasus.com.br\/wp-content\/uploads\/2026\/02\/Imagem-1-blog-600x401.png 600w\" sizes=\"(max-width: 840px) 100vw, 840px\" \/><\/a>            <\/div>\n        <\/div><\/div>\n        <div class=\"cms-item-content-inner p-20 p-xl-40  mr-lg-20 \">\n                    <div class=\"cms-post-meta text-13\">\n                <div class=\"cms-post-meta-inner row align-items-center gutters-30\">\n                            <span class=\"cms-post-cat col-auto empty-none cms-post-meta-item\">\n            <span class=\"meta-inner\">\n                <a href=\"https:\/\/solucoespegasus.com.br\/en\/category\/curiosidade\/\" rel=\"tag\">Curiosidade<\/a>            <\/span>\n        <\/span>\n                    <\/div>\n            <\/div>\n                <h4 class=\"cms-item-content-title cms-eheading cms-heading text-primary text-20 lh-29 mb-8 mt-n5\">\n            <a href=\"https:\/\/solucoespegasus.com.br\/en\/eficiencia-das-barreiras-fisicas-no-condominio-quando-concertina-lanca-perfurante-e-cerca-eletrica-realmente-funcionam\/\">Efici\u00eancia das barreiras f\u00edsicas no condom\u00ednio: quando concertina, lan\u00e7a perfurante e cerca el\u00e9trica realmente funcionam<\/a>\n        <\/h4>\n        <div class=\"cms-item-content-excerpt p-tb-30 empty-none\">    <div class=\"cms-post-excerpt\">\n        O vigilante percebeu um estalo met\u00e1lico curto e seco no fundo do condom\u00ednio, pr\u00f3ximo a um trecho escuro do muro \u2014 \u00e1rea com baixa ilumina\u00e7\u00e3o e ponto cego de seguran\u00e7a. Ao d...    <\/div>\n    <\/div>\n\n    <\/div>\n    <div class=\"meta-bottom\">\n                    <div class=\"cms-post-meta pb-15\">\n                <div class=\"cms-post-meta-inner row align-items-center gutters-0\">\n                            <span class=\"cms-post-date col-auto cms-post-meta-item\">\n            <span class=\"meta-inner\">\n                                <span>19\/02\/2026<\/span>\n            <\/span>\n        <\/span>\n                <span class=\"cms-post-author col-auto cms-post-meta-item\">\n            <span class=\"meta-inner\">\n                                <a href=\"https:\/\/solucoespegasus.com.br\/en\/author\/edicao\/\" title=\"Pegasus\">Pegasus<\/a>\n            <\/span>\n        <\/span>\n                    <\/div>\n            <\/div>\n            <\/div>\n            <div class=\"cms-btn-wraps cms-post-item-readmore cms-transition\">\n            <a href=\"https:\/\/solucoespegasus.com.br\/en\/eficiencia-das-barreiras-fisicas-no-condominio-quando-concertina-lanca-perfurante-e-cerca-eletrica-realmente-funcionam\/\" class=\"cms-readmore btn btn- btn-primary btn-hover-accent justify-content-center\">\n                <span class=\"cms-btn-content\">\n                    <span class=\"cms-btn-text\">Leia Mais<\/span>\n                    <span class=\"cms-btn-icon cmsi-arrow-right rtl-flip\"><\/span>\n                <\/span>\n            <\/a>\n        <\/div>\n        <\/div>\n<\/div>\n            <div class=\"cms-grid-item col-xl-4 col-lg-4 col-md-6 col-sm-12 item-2 last-md last-sm\" style=\"padding:20px;\">\n                    <div class=\"cms-item-content bg-white cms-shadow-1\">    <div class=\"cms-featured cms-post-standard  cms-media\"><div class=\"cms-featured-inner relative\">            <div class=\"post-image cms-post-image \">\n                <a href=\"https:\/\/solucoespegasus.com.br\/en\/videomonitoramento-com-ia-em-buzios-licoes-do-smart-sampa\/\" title=\"222Blog\" rel=\"nofollow\" class=\"d-block relative overflow-hidden\"><img decoding=\"async\" width=\"840\" height=\"562\" src=\"https:\/\/solucoespegasus.com.br\/wp-content\/uploads\/2022\/01\/videomonitoramento-com-ia-em-buzios-licoes-do-smart-sampa.png\" class=\"w-100 cms-img\" alt=\"Videomonitoramento com IA em B\u00fazios: Li\u00e7\u00f5es do Smart Sampa\" srcset=\"https:\/\/solucoespegasus.com.br\/wp-content\/uploads\/2022\/01\/videomonitoramento-com-ia-em-buzios-licoes-do-smart-sampa.png 840w, https:\/\/solucoespegasus.com.br\/wp-content\/uploads\/2022\/01\/videomonitoramento-com-ia-em-buzios-licoes-do-smart-sampa-18x12.png 18w, https:\/\/solucoespegasus.com.br\/wp-content\/uploads\/2022\/01\/videomonitoramento-com-ia-em-buzios-licoes-do-smart-sampa-600x401.png 600w\" sizes=\"(max-width: 840px) 100vw, 840px\" \/><\/a>            <\/div>\n        <\/div><\/div>\n        <div class=\"cms-item-content-inner p-20 p-xl-40  mr-lg-20 \">\n                    <div class=\"cms-post-meta text-13\">\n                <div class=\"cms-post-meta-inner row align-items-center gutters-30\">\n                            <span class=\"cms-post-cat col-auto empty-none cms-post-meta-item\">\n            <span class=\"meta-inner\">\n                <a href=\"https:\/\/solucoespegasus.com.br\/en\/category\/curiosidade\/\" rel=\"tag\">Curiosidade<\/a>            <\/span>\n        <\/span>\n                    <\/div>\n            <\/div>\n                <h4 class=\"cms-item-content-title cms-eheading cms-heading text-primary text-20 lh-29 mb-8 mt-n5\">\n            <a href=\"https:\/\/solucoespegasus.com.br\/en\/videomonitoramento-com-ia-em-buzios-licoes-do-smart-sampa\/\">O poder da Intelig\u00eancia Artificial no cotidiano do videomonitoramento: o que o Smart Sampa ensina para condom\u00ednios de veraneio em B\u00fazios<\/a>\n        <\/h4>\n        <div class=\"cms-item-content-excerpt p-tb-30 empty-none\">    <div class=\"cms-post-excerpt\">\n        Era madrugada em um condom\u00ednio de veraneio em Arma\u00e7\u00e3o dos B\u00fazios. Baixa ocupa\u00e7\u00e3o. Pouca circula\u00e7\u00e3o. O tipo de noite em que \u201cqualquer barulho\u201d vira hist\u00f3ria no grupo do...    <\/div>\n    <\/div>\n\n    <\/div>\n    <div class=\"meta-bottom\">\n                    <div class=\"cms-post-meta pb-15\">\n                <div class=\"cms-post-meta-inner row align-items-center gutters-0\">\n                            <span class=\"cms-post-date col-auto cms-post-meta-item\">\n            <span class=\"meta-inner\">\n                                <span>10\/01\/2022<\/span>\n            <\/span>\n        <\/span>\n                <span class=\"cms-post-author col-auto cms-post-meta-item\">\n            <span class=\"meta-inner\">\n                                <a href=\"https:\/\/solucoespegasus.com.br\/en\/author\/admin\/\" title=\"Pegasus\">Pegasus<\/a>\n            <\/span>\n        <\/span>\n                    <\/div>\n            <\/div>\n            <\/div>\n            <div class=\"cms-btn-wraps cms-post-item-readmore cms-transition\">\n            <a href=\"https:\/\/solucoespegasus.com.br\/en\/videomonitoramento-com-ia-em-buzios-licoes-do-smart-sampa\/\" class=\"cms-readmore btn btn- btn-primary btn-hover-accent justify-content-center\">\n                <span class=\"cms-btn-content\">\n                    <span class=\"cms-btn-text\">Leia Mais<\/span>\n                    <span class=\"cms-btn-icon cmsi-arrow-right rtl-flip\"><\/span>\n                <\/span>\n            <\/a>\n        <\/div>\n        <\/div>\n<\/div>\n        <div class=\"cms-grid-overlay\"><\/div>\n    <\/div>\n            <div class=\"cms-post-pagination cms-grid-pagination mt-35\" data-loadmore=\"{&quot;element_name&quot;:&quot;cms_post_grid&quot;,&quot;post_type&quot;:&quot;post&quot;,&quot;layout&quot;:&quot;1&quot;,&quot;startPage&quot;:1,&quot;maxPages&quot;:1,&quot;total&quot;:2,&quot;perpage&quot;:&quot;6&quot;,&quot;nextLink&quot;:&quot;&quot;,&quot;source&quot;:&quot;&quot;,&quot;orderby&quot;:&quot;date&quot;,&quot;order&quot;:&quot;desc&quot;,&quot;limit&quot;:&quot;6&quot;,&quot;pagination_type&quot;:&quot;pagination&quot;,&quot;masonry_mode&quot;:&quot;fitRows&quot;,&quot;col_xl&quot;:&quot;3&quot;,&quot;col_lg&quot;:&quot;3&quot;,&quot;col_md&quot;:&quot;2&quot;,&quot;col_sm&quot;:&quot;1&quot;,&quot;gap&quot;:40,&quot;gap_extra&quot;:&quot;&quot;,&quot;thumbnail_size&quot;:&quot;large&quot;,&quot;thumbnail_custom_dimension&quot;:{&quot;width&quot;:&quot;&quot;,&quot;height&quot;:&quot;&quot;},&quot;excerpt_lenght&quot;:180,&quot;excerpt_more_text&quot;:&quot;...&quot;,&quot;readmore_text&quot;:&quot;Leia Mais&quot;,&quot;show_fb&quot;:&quot;&quot;,&quot;show_tw&quot;:&quot;&quot;,&quot;show_insta&quot;:&quot;&quot;,&quot;show_email&quot;:&quot;&quot;,&quot;show_phone&quot;:&quot;&quot;,&quot;grid&quot;:true,&quot;tax&quot;:[]}\" data-query=\"{&quot;post_type&quot;:&quot;post&quot;,&quot;post_status&quot;:&quot;publish&quot;,&quot;posts_per_page&quot;:6,&quot;order&quot;:&quot;desc&quot;,&quot;orderby&quot;:&quot;date&quot;,&quot;tax_query&quot;:{&quot;relation&quot;:&quot;OR&quot;},&quot;post__not_in&quot;:[201]}\">\n                    <\/div>\n        <\/div>\n<div class=\"cms-btn-groups row gutters-30 gutters-grid align-items-center justify-content-center pt-25\">\n    <\/div>\t\t\t\t<\/div>\n\t\t\t\t<\/div>\n\t\t            <\/div>\r\n        <\/div>\r\n        \t\t\t<\/div>\r\n\t\t<\/section>\r\n\t\t\t\t<\/div>\n\t\t","protected":false},"excerpt":{"rendered":"<p>Pharmaceutic &amp; Biotech Three Important Things You Must Look For While Choosing Security You can quickly set up or delete access for employees, get access-triggered alerts when certain doors are opened, and quickly find video clips of access events. You can also lock a&#8230; 10\/01\/2022 Pegasus Leia Mais Retail, Security How Non IT Roles Can Use Security Solutions to Solve All Imerged Business Problems! We focus on complete customer transparency and operational excellence in the five customer touchpoints: account management, installation, service, monitoring and billing , and even&#8230; 10\/01\/2022 Pegasus Leia Mais IT, Solutions Why Should Manufacturing &#038; Companies Outsource Their Commercial Security? Businesses are benefitting from outsourced commercial security solutions like monitoring and remote security management, and discover what\u2019s possible for manufacturing, and even&#8230; 10\/01\/2022 Pegasus Leia Mais Retail, Security Key Security Considerations For Designing Smarter Brick And Mortar Retail Spaces Brick-and-mortar retail stores are making a comeback, reinventing themselves as smart, technology driven experiential spaces. As the stores of the future gear up to create a&#8230; mul&#8230; 10\/01\/2022 Pegasus Leia Mais Commercial The Five Top Security Tips For Dealing With The Clocks Going Back Issues You Face! You can quickly set up or delete access for employees, get access-triggered alerts when certain doors are opened, and quickly find video clips of access events. You can also lock a&#8230; 10\/01\/2022 Pegasus Leia Mais Company, Intruders Securing Your Start Up, What You Need To Deter And Detect Intruders With. A first and key consideration ought to be how easy your system will be to operate by all users. While all systems provide the basic functionality you\u2019d expect, few business owner&#8230; 10\/01\/2022 Pegasus Leia Mais 1 2<\/p>","protected":false},"author":1,"featured_media":0,"parent":0,"menu_order":11,"comment_status":"closed","ping_status":"closed","template":"","meta":{"_joinchat":[],"footnotes":""},"class_list":["post-201","page","type-page","status-publish","hentry","cms-no-post-thumbnail"],"yoast_head":"<!-- This site is optimized with the Yoast SEO plugin v27.3 - https:\/\/yoast.com\/product\/yoast-seo-wordpress\/ -->\n<title>Blog - Pegasus<\/title>\n<meta name=\"robots\" content=\"index, follow, max-snippet:-1, max-image-preview:large, max-video-preview:-1\" \/>\n<link rel=\"canonical\" href=\"https:\/\/solucoespegasus.com.br\/en\/blog\/\" \/>\n<meta property=\"og:locale\" content=\"en_US\" \/>\n<meta property=\"og:type\" content=\"article\" \/>\n<meta property=\"og:title\" content=\"Blog - Pegasus\" \/>\n<meta property=\"og:description\" content=\"Pharmaceutic &amp; Biotech Three Important Things You Must Look For While Choosing Security You can quickly set up or delete access for employees, get access-triggered alerts when certain doors are opened, and quickly find video clips of access events. You can also lock a&#8230; 10\/01\/2022 Pegasus Leia Mais Retail, Security How Non IT Roles Can Use Security Solutions to Solve All Imerged Business Problems! We focus on complete customer transparency and operational excellence in the five customer touchpoints: account management, installation, service, monitoring and billing , and even&#8230; 10\/01\/2022 Pegasus Leia Mais IT, Solutions Why Should Manufacturing &#038; Companies Outsource Their Commercial Security? Businesses are benefitting from outsourced commercial security solutions like monitoring and remote security management, and discover what\u2019s possible for manufacturing, and even&#8230; 10\/01\/2022 Pegasus Leia Mais Retail, Security Key Security Considerations For Designing Smarter Brick And Mortar Retail Spaces Brick-and-mortar retail stores are making a comeback, reinventing themselves as smart, technology driven experiential spaces. As the stores of the future gear up to create a&#8230; mul&#8230; 10\/01\/2022 Pegasus Leia Mais Commercial The Five Top Security Tips For Dealing With The Clocks Going Back Issues You Face! You can quickly set up or delete access for employees, get access-triggered alerts when certain doors are opened, and quickly find video clips of access events. You can also lock a&#8230; 10\/01\/2022 Pegasus Leia Mais Company, Intruders Securing Your Start Up, What You Need To Deter And Detect Intruders With. A first and key consideration ought to be how easy your system will be to operate by all users. While all systems provide the basic functionality you\u2019d expect, few business owner&#8230; 10\/01\/2022 Pegasus Leia Mais 1 2\" \/>\n<meta property=\"og:url\" content=\"https:\/\/solucoespegasus.com.br\/en\/blog\/\" \/>\n<meta property=\"og:site_name\" content=\"Pegasus\" \/>\n<meta property=\"article:modified_time\" content=\"2026-01-20T03:08:41+00:00\" \/>\n<meta property=\"og:image\" content=\"https:\/\/teste.solucoespegasus.com.br\/wp-content\/uploads\/image-single-post.jpg\" \/>\n<meta name=\"twitter:card\" content=\"summary_large_image\" \/>\n<meta name=\"twitter:label1\" content=\"Est. reading time\" \/>\n\t<meta name=\"twitter:data1\" content=\"1 minute\" \/>\n<script type=\"application\/ld+json\" class=\"yoast-schema-graph\">{\"@context\":\"https:\\\/\\\/schema.org\",\"@graph\":[{\"@type\":\"WebPage\",\"@id\":\"https:\\\/\\\/solucoespegasus.com.br\\\/blog\\\/\",\"url\":\"https:\\\/\\\/solucoespegasus.com.br\\\/blog\\\/\",\"name\":\"Blog - Pegasus\",\"isPartOf\":{\"@id\":\"https:\\\/\\\/solucoespegasus.com.br\\\/#website\"},\"primaryImageOfPage\":{\"@id\":\"https:\\\/\\\/solucoespegasus.com.br\\\/blog\\\/#primaryimage\"},\"image\":{\"@id\":\"https:\\\/\\\/solucoespegasus.com.br\\\/blog\\\/#primaryimage\"},\"thumbnailUrl\":\"https:\\\/\\\/teste.solucoespegasus.com.br\\\/wp-content\\\/uploads\\\/image-single-post.jpg\",\"datePublished\":\"2022-01-10T03:51:32+00:00\",\"dateModified\":\"2026-01-20T03:08:41+00:00\",\"breadcrumb\":{\"@id\":\"https:\\\/\\\/solucoespegasus.com.br\\\/blog\\\/#breadcrumb\"},\"inLanguage\":\"en-US\",\"potentialAction\":[{\"@type\":\"ReadAction\",\"target\":[\"https:\\\/\\\/solucoespegasus.com.br\\\/blog\\\/\"]}]},{\"@type\":\"ImageObject\",\"inLanguage\":\"en-US\",\"@id\":\"https:\\\/\\\/solucoespegasus.com.br\\\/blog\\\/#primaryimage\",\"url\":\"https:\\\/\\\/teste.solucoespegasus.com.br\\\/wp-content\\\/uploads\\\/image-single-post.jpg\",\"contentUrl\":\"https:\\\/\\\/teste.solucoespegasus.com.br\\\/wp-content\\\/uploads\\\/image-single-post.jpg\"},{\"@type\":\"BreadcrumbList\",\"@id\":\"https:\\\/\\\/solucoespegasus.com.br\\\/blog\\\/#breadcrumb\",\"itemListElement\":[{\"@type\":\"ListItem\",\"position\":1,\"name\":\"In\u00edcio\",\"item\":\"https:\\\/\\\/solucoespegasus.com.br\\\/\"},{\"@type\":\"ListItem\",\"position\":2,\"name\":\"Blog\"}]},{\"@type\":\"WebSite\",\"@id\":\"https:\\\/\\\/solucoespegasus.com.br\\\/#website\",\"url\":\"https:\\\/\\\/solucoespegasus.com.br\\\/\",\"name\":\"Pegasus\",\"description\":\"Intelig\u00eancia que Protege\",\"publisher\":{\"@id\":\"https:\\\/\\\/solucoespegasus.com.br\\\/#organization\"},\"potentialAction\":[{\"@type\":\"SearchAction\",\"target\":{\"@type\":\"EntryPoint\",\"urlTemplate\":\"https:\\\/\\\/solucoespegasus.com.br\\\/?s={search_term_string}\"},\"query-input\":{\"@type\":\"PropertyValueSpecification\",\"valueRequired\":true,\"valueName\":\"search_term_string\"}}],\"inLanguage\":\"en-US\"},{\"@type\":\"Organization\",\"@id\":\"https:\\\/\\\/solucoespegasus.com.br\\\/#organization\",\"name\":\"Pegasus\",\"url\":\"https:\\\/\\\/solucoespegasus.com.br\\\/\",\"logo\":{\"@type\":\"ImageObject\",\"inLanguage\":\"en-US\",\"@id\":\"https:\\\/\\\/solucoespegasus.com.br\\\/#\\\/schema\\\/logo\\\/image\\\/\",\"url\":\"https:\\\/\\\/solucoespegasus.com.br\\\/wp-content\\\/uploads\\\/2026\\\/01\\\/Pegasus-1.png\",\"contentUrl\":\"https:\\\/\\\/solucoespegasus.com.br\\\/wp-content\\\/uploads\\\/2026\\\/01\\\/Pegasus-1.png\",\"width\":640,\"height\":640,\"caption\":\"Pegasus\"},\"image\":{\"@id\":\"https:\\\/\\\/solucoespegasus.com.br\\\/#\\\/schema\\\/logo\\\/image\\\/\"}}]}<\/script>\n<!-- \/ Yoast SEO plugin. -->","yoast_head_json":{"title":"Blog - Pegasus","robots":{"index":"index","follow":"follow","max-snippet":"max-snippet:-1","max-image-preview":"max-image-preview:large","max-video-preview":"max-video-preview:-1"},"canonical":"https:\/\/solucoespegasus.com.br\/en\/blog\/","og_locale":"en_US","og_type":"article","og_title":"Blog - Pegasus","og_description":"Pharmaceutic &amp; Biotech Three Important Things You Must Look For While Choosing Security You can quickly set up or delete access for employees, get access-triggered alerts when certain doors are opened, and quickly find video clips of access events. You can also lock a&#8230; 10\/01\/2022 Pegasus Leia Mais Retail, Security How Non IT Roles Can Use Security Solutions to Solve All Imerged Business Problems! We focus on complete customer transparency and operational excellence in the five customer touchpoints: account management, installation, service, monitoring and billing , and even&#8230; 10\/01\/2022 Pegasus Leia Mais IT, Solutions Why Should Manufacturing &#038; Companies Outsource Their Commercial Security? Businesses are benefitting from outsourced commercial security solutions like monitoring and remote security management, and discover what\u2019s possible for manufacturing, and even&#8230; 10\/01\/2022 Pegasus Leia Mais Retail, Security Key Security Considerations For Designing Smarter Brick And Mortar Retail Spaces Brick-and-mortar retail stores are making a comeback, reinventing themselves as smart, technology driven experiential spaces. As the stores of the future gear up to create a&#8230; mul&#8230; 10\/01\/2022 Pegasus Leia Mais Commercial The Five Top Security Tips For Dealing With The Clocks Going Back Issues You Face! You can quickly set up or delete access for employees, get access-triggered alerts when certain doors are opened, and quickly find video clips of access events. You can also lock a&#8230; 10\/01\/2022 Pegasus Leia Mais Company, Intruders Securing Your Start Up, What You Need To Deter And Detect Intruders With. A first and key consideration ought to be how easy your system will be to operate by all users. While all systems provide the basic functionality you\u2019d expect, few business owner&#8230; 10\/01\/2022 Pegasus Leia Mais 1 2","og_url":"https:\/\/solucoespegasus.com.br\/en\/blog\/","og_site_name":"Pegasus","article_modified_time":"2026-01-20T03:08:41+00:00","og_image":[{"url":"https:\/\/teste.solucoespegasus.com.br\/wp-content\/uploads\/image-single-post.jpg","type":"","width":"","height":""}],"twitter_card":"summary_large_image","twitter_misc":{"Est. reading time":"1 minute"},"schema":{"@context":"https:\/\/schema.org","@graph":[{"@type":"WebPage","@id":"https:\/\/solucoespegasus.com.br\/blog\/","url":"https:\/\/solucoespegasus.com.br\/blog\/","name":"Blog - Pegasus","isPartOf":{"@id":"https:\/\/solucoespegasus.com.br\/#website"},"primaryImageOfPage":{"@id":"https:\/\/solucoespegasus.com.br\/blog\/#primaryimage"},"image":{"@id":"https:\/\/solucoespegasus.com.br\/blog\/#primaryimage"},"thumbnailUrl":"https:\/\/teste.solucoespegasus.com.br\/wp-content\/uploads\/image-single-post.jpg","datePublished":"2022-01-10T03:51:32+00:00","dateModified":"2026-01-20T03:08:41+00:00","breadcrumb":{"@id":"https:\/\/solucoespegasus.com.br\/blog\/#breadcrumb"},"inLanguage":"en-US","potentialAction":[{"@type":"ReadAction","target":["https:\/\/solucoespegasus.com.br\/blog\/"]}]},{"@type":"ImageObject","inLanguage":"en-US","@id":"https:\/\/solucoespegasus.com.br\/blog\/#primaryimage","url":"https:\/\/teste.solucoespegasus.com.br\/wp-content\/uploads\/image-single-post.jpg","contentUrl":"https:\/\/teste.solucoespegasus.com.br\/wp-content\/uploads\/image-single-post.jpg"},{"@type":"BreadcrumbList","@id":"https:\/\/solucoespegasus.com.br\/blog\/#breadcrumb","itemListElement":[{"@type":"ListItem","position":1,"name":"In\u00edcio","item":"https:\/\/solucoespegasus.com.br\/"},{"@type":"ListItem","position":2,"name":"Blog"}]},{"@type":"WebSite","@id":"https:\/\/solucoespegasus.com.br\/#website","url":"https:\/\/solucoespegasus.com.br\/","name":"Pegasus","description":"Intelig\u00eancia que Protege","publisher":{"@id":"https:\/\/solucoespegasus.com.br\/#organization"},"potentialAction":[{"@type":"SearchAction","target":{"@type":"EntryPoint","urlTemplate":"https:\/\/solucoespegasus.com.br\/?s={search_term_string}"},"query-input":{"@type":"PropertyValueSpecification","valueRequired":true,"valueName":"search_term_string"}}],"inLanguage":"en-US"},{"@type":"Organization","@id":"https:\/\/solucoespegasus.com.br\/#organization","name":"Pegasus","url":"https:\/\/solucoespegasus.com.br\/","logo":{"@type":"ImageObject","inLanguage":"en-US","@id":"https:\/\/solucoespegasus.com.br\/#\/schema\/logo\/image\/","url":"https:\/\/solucoespegasus.com.br\/wp-content\/uploads\/2026\/01\/Pegasus-1.png","contentUrl":"https:\/\/solucoespegasus.com.br\/wp-content\/uploads\/2026\/01\/Pegasus-1.png","width":640,"height":640,"caption":"Pegasus"},"image":{"@id":"https:\/\/solucoespegasus.com.br\/#\/schema\/logo\/image\/"}}]}},"_links":{"self":[{"href":"https:\/\/solucoespegasus.com.br\/en\/wp-json\/wp\/v2\/pages\/201","targetHints":{"allow":["GET"]}}],"collection":[{"href":"https:\/\/solucoespegasus.com.br\/en\/wp-json\/wp\/v2\/pages"}],"about":[{"href":"https:\/\/solucoespegasus.com.br\/en\/wp-json\/wp\/v2\/types\/page"}],"author":[{"embeddable":true,"href":"https:\/\/solucoespegasus.com.br\/en\/wp-json\/wp\/v2\/users\/1"}],"replies":[{"embeddable":true,"href":"https:\/\/solucoespegasus.com.br\/en\/wp-json\/wp\/v2\/comments?post=201"}],"version-history":[{"count":0,"href":"https:\/\/solucoespegasus.com.br\/en\/wp-json\/wp\/v2\/pages\/201\/revisions"}],"wp:attachment":[{"href":"https:\/\/solucoespegasus.com.br\/en\/wp-json\/wp\/v2\/media?parent=201"}],"curies":[{"name":"wp","href":"https:\/\/api.w.org\/{rel}","templated":true}]}}