{"id":3035,"date":"2022-03-23T07:56:55","date_gmt":"2022-03-23T07:56:55","guid":{"rendered":"https:\/\/7oroofthemes.com\/lockey\/?page_id=3035"},"modified":"2026-01-22T01:58:49","modified_gmt":"2026-01-22T04:58:49","slug":"orcamento","status":"publish","type":"page","link":"https:\/\/solucoespegasus.com.br\/en\/orcamento\/","title":{"rendered":"Or\u00e7amento"},"content":{"rendered":"<div data-elementor-type=\"wp-page\" data-elementor-id=\"3035\" class=\"elementor elementor-3035\">\n\t\t\t\t\t\t<section class=\"elementor-section elementor-top-section elementor-element elementor-element-640ecf4 elementor-section-full_width elementor-section-stretched elementor-section-height-default elementor-section-height-default cms-section-no-padding-no cms-section-stretched-with-space-none cms-full-content-with-space-none cms-boxed-bg-false cms-full-width-bg-false cms-section-boxed-divider-false cms-remove-row-no cms-row-corner-no\" data-id=\"640ecf4\" data-element_type=\"section\" data-e-type=\"section\" data-settings=\"{&quot;stretch_section&quot;:&quot;section-stretched&quot;}\">\r\n\t\t\t<div class=\"cms-overlay-gradient\"><\/div><div class=\"cms-section-boxed-bg\"><\/div><div class=\"cms-section-boxed-divider\"><\/div><div class=\"cms-elementor-section-remove\"><\/div><div class=\"cms-elementor-section-corner cms-elementor-section-corner-top\"><\/div><div class=\"cms-elementor-section-corner cms-elementor-section-corner-bottom\"><\/div>\t\t\t<div class=\"elementor-container elementor-column-gap-default\" >\r\n\t\t\t        <div class=\"elementor-column elementor-col-100 elementor-top-column elementor-element elementor-element-49f92ae\" data-id=\"49f92ae\" data-element_type=\"column\" data-e-type=\"column\">\r\n            <div class=\"elementor-widget-wrap elementor-element-populated\">\r\n                 \t\t<div class=\"elementor-element elementor-element-eb54cf2 cms-page-title-layout-1 elementor-widget elementor-widget-cms_page_title\" data-id=\"eb54cf2\" data-element_type=\"widget\" data-e-type=\"widget\" data-widget_type=\"cms_page_title.default\">\n\t\t\t\t<div class=\"elementor-widget-container\">\n\t\t\t\t\t<div class=\"cms-page-title-wrapper pt-50 pt-lg-100 cms-overlay-gradient-1 text-\" style=\"background-image:url(https:\/\/solucoespegasus.com.br\/wp-content\/uploads\/ptt-quote.jpg);\">\n    <div class=\"cms-page-title-overlay cms-page-title-gradient cms-overlay-gradient\"><\/div>\n    <div class=\"container\">\n        <div class=\"row empty-none justify-content-\">\n            <div class=\"cms-page-title-content-col col-12 col-lg-10 col-xl-7\">\n                <div class=\"cms-page-title-content\">\n                        <h1 class=\"cms-mainheading cms-heading text-30 text-md-40 text-lg-50 text-xl-75 font-700 lh-1 mb-20 mt-0  text-white empty-none\">Or\u00e7amento<\/h1>\n    <div class=\"extra-space clearfix\"> <\/div>\n        <div class=\"cms-desc mt-15 text-17 font-700  text-white empty-none\">Pe\u00e7a o seu or\u00e7amento com a nossa equipe e garanta a seguran\u00e7a que seu condom\u00ednio, sua empresa ou sua resid\u00eancia precisa.<\/div>\n    <div class=\"extra-space clearfix\"> <\/div>\n                    <\/div>\n                <div class=\"row gutters-30 gutters-grid align-items-center pt-30 empty-none justify-content-\">            <div class=\"cms-btn-wraps col-auto text-\" >\n                <a href=\"https:\/\/wa.me\/5522999236336\" target=\"_blank\" class=\"btn btn-fill btn-style-1 btn-white btn-hover-accent btn-xl cms-animate elementor-invisible\" data-settings='{\"_animation\":\"none\",\"animation\":\"none\",\"animation_delay\":300}'>\n            <span class=\"cms-btn-content cms-btn-content-\">\n                                                <span aria-hidden=\"true\" class=\"cms-icon cms-btn-icon cms-align-icon-right icon-outline-no rtl-flip cmsi cmsi-arrow-right\" style=\"\"><\/span>                                            <span class=\"cms-btn-text\">Quero falar com um Especialista<\/span>\n                            <\/span>\n        <\/a>\n                    <\/div>\n                                                                <\/div>\n            <\/div>\n        <\/div>\n    <\/div>\n<\/div>\n\t\t\t\t<\/div>\n\t\t\t\t<\/div>\n\t\t            <\/div>\r\n        <\/div>\r\n        \t\t\t<\/div>\r\n\t\t<\/section>\r\n\t\t\t\t<section class=\"elementor-section elementor-top-section elementor-element elementor-element-11f8567 elementor-section-boxed elementor-section-height-default elementor-section-height-default cms-section-no-padding-no cms-boxed-bg-false cms-full-width-bg-false cms-section-boxed-divider-false cms-remove-row-no cms-row-corner-no\" data-id=\"11f8567\" data-element_type=\"section\" data-e-type=\"section\" data-settings=\"{&quot;background_background&quot;:&quot;classic&quot;}\">\r\n\t\t\t<div class=\"cms-overlay-gradient\"><\/div><div class=\"cms-section-boxed-bg\"><\/div><div class=\"cms-section-boxed-divider\"><\/div><div class=\"cms-elementor-section-remove\"><\/div><div class=\"cms-elementor-section-corner cms-elementor-section-corner-top\"><\/div><div class=\"cms-elementor-section-corner cms-elementor-section-corner-bottom\"><\/div>\t\t\t<div class=\"elementor-container elementor-column-gap-default\" >\r\n\t\t\t        <div class=\"elementor-column elementor-col-100 elementor-top-column elementor-element elementor-element-eb68971\" data-id=\"eb68971\" data-element_type=\"column\" data-e-type=\"column\">\r\n            <div class=\"elementor-widget-wrap elementor-element-populated\">\r\n                \t\t<div class=\"elementor-element elementor-element-7852226 raq raq-3 cms-shadow-1 elementor-widget__width-initial elementor-widget elementor-widget-cms_ctf7\" data-id=\"7852226\" data-element_type=\"widget\" data-e-type=\"widget\" data-widget_type=\"cms_ctf7.default\">\n\t\t\t\t<div class=\"elementor-widget-container\">\n\t\t\t\t\t<div class=\"cms-cf7 relative bg-white\">\n    <div class=\"cms-cf7-inner\">\n        <div class=\"cms-banner pb-20\">\n            <div class=\"cms-cf7-banner-inner\">\n                    <h4 class=\"cms-mainheading cms-heading mt-n5 mb-11 text-20 font-700  text-heading empty-none\">Solicite um Or\u00e7amento por E-mail<\/h4>\n    <div class=\"extra-space clearfix\"> <\/div>\n        <div class=\"cms-desc mb-15 text-15 lh-25  text-body empty-none\">Preencha o formul\u00e1rio abaixo para solicitar um or\u00e7amento e entraremos em contato. Ou ligue para <a href=\"tel:22999236336\" class=\"font-700 text-underline\" target=\"_blank\">(22) 99923-6336<\/a> e nossos especialistas fornecer\u00e3o a ajuda necess\u00e1ria!<\/div>\n    <div class=\"extra-space clearfix\"> <\/div>\n                <\/div>\n        <\/div>\n        \n<div class=\"wpcf7 no-js\" id=\"wpcf7-f3060-o1\" lang=\"en-US\" dir=\"ltr\" data-wpcf7-id=\"3060\">\n<div class=\"screen-reader-response\"><p role=\"status\" aria-live=\"polite\" aria-atomic=\"true\"><\/p> <ul><\/ul><\/div>\n<form action=\"\/en\/wp-json\/wp\/v2\/pages\/3035#wpcf7-f3060-o1\" method=\"post\" class=\"wpcf7-form init\" aria-label=\"Contact form\" novalidate=\"novalidate\" data-status=\"init\" data-trp-original-action=\"\/en\/wp-json\/wp\/v2\/pages\/3035#wpcf7-f3060-o1\">\n<fieldset class=\"hidden-fields-container\"><input type=\"hidden\" name=\"_wpcf7\" value=\"3060\" \/><input type=\"hidden\" name=\"_wpcf7_version\" value=\"6.1.5\" \/><input type=\"hidden\" name=\"_wpcf7_locale\" value=\"en_US\" \/><input type=\"hidden\" name=\"_wpcf7_unit_tag\" value=\"wpcf7-f3060-o1\" \/><input type=\"hidden\" name=\"_wpcf7_container_post\" value=\"0\" \/><input type=\"hidden\" name=\"_wpcf7_posted_data_hash\" value=\"\" \/>\n<\/fieldset>\n<div class=\"row p-lr-10\">\n <div class=\"col-12 p-lr-10 pb-20\"><span class=\"wpcf7-form-control-wrap cms-wpcf7-form-control-wrap cms-wpcf7-form-control-select home-or-business\"><span class=\"cms-cf7-field-label cms-cf7-select-label\">Condom\u00ednio, Empresa ou Resid\u00eancia?<\/span><select class=\"wpcf7-form-control wpcf7-select wpcf7-validates-as-required\" aria-required=\"true\" aria-invalid=\"false\" name=\"home-or-business\"><option value=\"Para Condom\u00ednio\">Para Condom\u00ednio<\/option><option value=\"Para Empresa\">Para Empresa<\/option><option value=\"Para Resid\u00eancia\">Para Resid\u00eancia<\/option><\/select><\/span><\/div>\n<\/div>\n<div class=\"cms-system-interest pt-17\">\n <label class=\"mb-7\">Servi\u00e7o de Interesse:<\/label>\n <span class=\"wpcf7-form-control-wrap\" data-name=\"Services\"><span class=\"wpcf7-form-control wpcf7-checkbox wpcf7-validates-as-required\"><span class=\"wpcf7-list-item first\"><label><input type=\"checkbox\" name=\"Services[]\" value=\"Wi-Fi Residencial\" \/><span class=\"wpcf7-list-item-label\">Wi-Fi Residencial<\/span><\/label><\/span><span class=\"wpcf7-list-item\"><label><input type=\"checkbox\" name=\"Services[]\" value=\"Wi-Fi Corporativo\" \/><span class=\"wpcf7-list-item-label\">Wi-Fi Corporativo<\/span><\/label><\/span><span class=\"wpcf7-list-item\"><label><input type=\"checkbox\" name=\"Services[]\" value=\"Rede Cabeada\" \/><span class=\"wpcf7-list-item-label\">Rede Cabeada<\/span><\/label><\/span><span class=\"wpcf7-list-item\"><label><input type=\"checkbox\" name=\"Services[]\" value=\"R\u00e1dios Outdoor\" \/><span class=\"wpcf7-list-item-label\">R\u00e1dios Outdoor<\/span><\/label><\/span><span class=\"wpcf7-list-item\"><label><input type=\"checkbox\" name=\"Services[]\" value=\"CFTV Inteligente com IA\" \/><span class=\"wpcf7-list-item-label\">CFTV Inteligente com IA<\/span><\/label><\/span><span class=\"wpcf7-list-item\"><label><input type=\"checkbox\" name=\"Services[]\" value=\"Controle de Acesso\" \/><span class=\"wpcf7-list-item-label\">Controle de Acesso<\/span><\/label><\/span><span class=\"wpcf7-list-item\"><label><input type=\"checkbox\" name=\"Services[]\" value=\"Interfonia &amp; PABX\" \/><span class=\"wpcf7-list-item-label\">Interfonia &amp; PABX<\/span><\/label><\/span><span class=\"wpcf7-list-item\"><label><input type=\"checkbox\" name=\"Services[]\" value=\"Portaria Remota\" \/><span class=\"wpcf7-list-item-label\">Portaria Remota<\/span><\/label><\/span><span class=\"wpcf7-list-item\"><label><input type=\"checkbox\" name=\"Services[]\" value=\"Sistema de Alarme\" \/><span class=\"wpcf7-list-item-label\">Sistema de Alarme<\/span><\/label><\/span><span class=\"wpcf7-list-item\"><label><input type=\"checkbox\" name=\"Services[]\" value=\"Prote\u00e7\u00e3o Perimetral\" \/><span class=\"wpcf7-list-item-label\">Prote\u00e7\u00e3o Perimetral<\/span><\/label><\/span><span class=\"wpcf7-list-item last\"><label><input type=\"checkbox\" name=\"Services[]\" value=\"Ponto Digital\" \/><span class=\"wpcf7-list-item-label\">Ponto Digital<\/span><\/label><\/span><\/span><\/span>\n<\/div>\n<div class=\"cms-system-interest line-top pt-37 mt-30\">\n <label class=\"mb-19\">Por favor, forne\u00e7a suas informa\u00e7\u00f5es pessoais abaixo:  <\/label>\n<\/div>\n<div class=\"row p-lr-10\">\n <div class=\"col-12 col-md-6 p-lr-10 pb-20\"><span class=\"wpcf7-form-control-wrap\" data-name=\"first-name\"><input size=\"40\" maxlength=\"400\" class=\"wpcf7-form-control wpcf7-text wpcf7-validates-as-required\" aria-required=\"true\" aria-invalid=\"false\" placeholder=\"Nome\" value=\"\" type=\"text\" name=\"first-name\" \/><\/span><\/div>\n <div class=\"col-12 col-md-6 p-lr-10 pb-20\"><span class=\"wpcf7-form-control-wrap\" data-name=\"last-name\"><input size=\"40\" maxlength=\"400\" class=\"wpcf7-form-control wpcf7-text wpcf7-validates-as-required\" aria-required=\"true\" aria-invalid=\"false\" placeholder=\"Sobrenome\" value=\"\" type=\"text\" name=\"last-name\" \/><\/span><\/div>\n <div class=\"col-12 col-md-6 p-lr-10 pb-20\"><span class=\"wpcf7-form-control-wrap\" data-name=\"email\"><input size=\"40\" maxlength=\"400\" class=\"wpcf7-form-control wpcf7-email wpcf7-validates-as-required wpcf7-text wpcf7-validates-as-email\" aria-required=\"true\" aria-invalid=\"false\" placeholder=\"E-mail\" value=\"\" type=\"email\" name=\"email\" \/><\/span><\/div>\n <div class=\"col-12 col-md-6 p-lr-10 pb-20\"><span class=\"wpcf7-form-control-wrap\" data-name=\"phone\"><input size=\"40\" maxlength=\"400\" class=\"wpcf7-form-control wpcf7-tel wpcf7-validates-as-required wpcf7-text wpcf7-validates-as-tel\" aria-required=\"true\" aria-invalid=\"false\" placeholder=\"Telefone (WhatsApp)\" value=\"\" type=\"tel\" name=\"phone\" \/><\/span><\/div>\n<\/div>\n<div class=\"cms-system-interest line-top pt-37 mt-30\">\n <label class=\"mb-7\">Gostaria de agendar uma consulta virtual?<\/label>\n <span class=\"wpcf7-form-control-wrap\" data-name=\"VirtualConsultation\"><span class=\"wpcf7-form-control wpcf7-checkbox wpcf7-validates-as-required\"><span class=\"wpcf7-list-item first\"><label><input type=\"checkbox\" name=\"VirtualConsultation[]\" value=\"Sim\" \/><span class=\"wpcf7-list-item-label\">Sim<\/span><\/label><\/span><span class=\"wpcf7-list-item last\"><label><input type=\"checkbox\" name=\"VirtualConsultation[]\" value=\"N\u00e3o\" \/><span class=\"wpcf7-list-item-label\">N\u00e3o<\/span><\/label><\/span><\/span><\/span>\n<\/div>\n<div class=\"pt-31\"><div class=\"cms-submit\"><button class=\"wpcf7-form-control wpcf7-submit btn btn-xl btn-accent text-primary btn-hover-primary text-hover-accent justify-content-between w-100\" type=\"submit\"><span class=\"wpcf7-submit-icon cms-btn-icon cmsi cmsi-arrow-circle-right rtl-flip text-26\"><\/span><span class=\"cms-btn-text\">Enviar<\/span><\/button><\/div><\/div>\n<div class=\"cms-note text-14 lh-25 pt-23\">\n <p>Ao enviar suas informa\u00e7\u00f5es, voc\u00ea concorda que nossos especialistas possam entrar em contato com voc\u00ea por meio de mensagens de texto ou telefonemas.<\/p>\n<\/div><div class=\"wpcf7-response-output\" aria-hidden=\"true\"><\/div>\n<input type=\"hidden\" name=\"trp-form-language\" value=\"en\"\/><\/form>\n<\/div>\n            <\/div>\n<\/div>\t\t\t\t<\/div>\n\t\t\t\t<\/div>\n\t\t            <\/div>\r\n        <\/div>\r\n        \t\t\t<\/div>\r\n\t\t<\/section>\r\n\t\t\t\t<\/div>","protected":false},"excerpt":{"rendered":"<p>Or\u00e7amento Pe\u00e7a o seu or\u00e7amento com a nossa equipe e garanta a seguran\u00e7a que seu condom\u00ednio, sua empresa ou sua resid\u00eancia precisa. Quero falar com um Especialista Solicite um Or\u00e7amento por E-mail Preencha o formul\u00e1rio abaixo para solicitar um or\u00e7amento e entraremos em contato. Ou ligue para (22) 99923-6336 e nossos especialistas fornecer\u00e3o a ajuda necess\u00e1ria! Condom\u00ednio, Empresa ou Resid\u00eancia?Para Condom\u00ednioPara EmpresaPara Resid\u00eancia Servi\u00e7o de Interesse: Wi-Fi ResidencialWi-Fi CorporativoRede CabeadaR\u00e1dios OutdoorCFTV Inteligente com IAControle de AcessoInterfonia &amp; PABXPortaria RemotaSistema de AlarmeProte\u00e7\u00e3o PerimetralPonto Digital Por favor, forne\u00e7a suas informa\u00e7\u00f5es pessoais abaixo: Gostaria de agendar uma consulta virtual? SimN\u00e3o Enviar Ao enviar suas informa\u00e7\u00f5es, voc\u00ea concorda que nossos especialistas possam entrar em contato com voc\u00ea por meio de mensagens de texto ou telefonemas.<\/p>","protected":false},"author":1,"featured_media":0,"parent":0,"menu_order":20,"comment_status":"closed","ping_status":"closed","template":"","meta":{"_joinchat":[],"footnotes":""},"class_list":["post-3035","page","type-page","status-publish","hentry","cms-no-post-thumbnail"],"yoast_head":"<!-- This site is optimized with the Yoast SEO plugin v27.3 - https:\/\/yoast.com\/product\/yoast-seo-wordpress\/ -->\n<title>Or\u00e7amento - Pegasus<\/title>\n<meta name=\"description\" content=\"Pe\u00e7a o seu or\u00e7amento com a nossa equipe e garanta a seguran\u00e7a que seu condom\u00ednio, sua empresa ou sua resid\u00eancia precisa.\" \/>\n<meta name=\"robots\" content=\"index, follow, max-snippet:-1, max-image-preview:large, max-video-preview:-1\" \/>\n<link rel=\"canonical\" href=\"https:\/\/solucoespegasus.com.br\/en\/orcamento\/\" \/>\n<meta property=\"og:locale\" content=\"en_US\" \/>\n<meta property=\"og:type\" content=\"article\" \/>\n<meta property=\"og:title\" content=\"Or\u00e7amento - Pegasus\" \/>\n<meta property=\"og:description\" content=\"Pe\u00e7a o seu or\u00e7amento com a nossa equipe e garanta a seguran\u00e7a que seu condom\u00ednio, sua empresa ou sua resid\u00eancia precisa.\" \/>\n<meta property=\"og:url\" content=\"https:\/\/solucoespegasus.com.br\/en\/orcamento\/\" \/>\n<meta property=\"og:site_name\" content=\"Pegasus\" \/>\n<meta property=\"article:modified_time\" content=\"2026-01-22T04:58:49+00:00\" \/>\n<meta name=\"twitter:card\" content=\"summary_large_image\" \/>\n<meta name=\"twitter:label1\" content=\"Est. reading time\" \/>\n\t<meta name=\"twitter:data1\" content=\"1 minute\" \/>\n<script type=\"application\/ld+json\" class=\"yoast-schema-graph\">{\"@context\":\"https:\\\/\\\/schema.org\",\"@graph\":[{\"@type\":\"WebPage\",\"@id\":\"https:\\\/\\\/solucoespegasus.com.br\\\/orcamento\\\/\",\"url\":\"https:\\\/\\\/solucoespegasus.com.br\\\/orcamento\\\/\",\"name\":\"Or\u00e7amento - Pegasus\",\"isPartOf\":{\"@id\":\"https:\\\/\\\/solucoespegasus.com.br\\\/#website\"},\"datePublished\":\"2022-03-23T07:56:55+00:00\",\"dateModified\":\"2026-01-22T04:58:49+00:00\",\"description\":\"Pe\u00e7a o seu or\u00e7amento com a nossa equipe e garanta a seguran\u00e7a que seu condom\u00ednio, sua empresa ou sua resid\u00eancia precisa.\",\"breadcrumb\":{\"@id\":\"https:\\\/\\\/solucoespegasus.com.br\\\/orcamento\\\/#breadcrumb\"},\"inLanguage\":\"en-US\",\"potentialAction\":[{\"@type\":\"ReadAction\",\"target\":[\"https:\\\/\\\/solucoespegasus.com.br\\\/orcamento\\\/\"]}]},{\"@type\":\"BreadcrumbList\",\"@id\":\"https:\\\/\\\/solucoespegasus.com.br\\\/orcamento\\\/#breadcrumb\",\"itemListElement\":[{\"@type\":\"ListItem\",\"position\":1,\"name\":\"In\u00edcio\",\"item\":\"https:\\\/\\\/solucoespegasus.com.br\\\/\"},{\"@type\":\"ListItem\",\"position\":2,\"name\":\"Or\u00e7amento\"}]},{\"@type\":\"WebSite\",\"@id\":\"https:\\\/\\\/solucoespegasus.com.br\\\/#website\",\"url\":\"https:\\\/\\\/solucoespegasus.com.br\\\/\",\"name\":\"Pegasus\",\"description\":\"Intelig\u00eancia que Protege\",\"publisher\":{\"@id\":\"https:\\\/\\\/solucoespegasus.com.br\\\/#organization\"},\"potentialAction\":[{\"@type\":\"SearchAction\",\"target\":{\"@type\":\"EntryPoint\",\"urlTemplate\":\"https:\\\/\\\/solucoespegasus.com.br\\\/?s={search_term_string}\"},\"query-input\":{\"@type\":\"PropertyValueSpecification\",\"valueRequired\":true,\"valueName\":\"search_term_string\"}}],\"inLanguage\":\"en-US\"},{\"@type\":\"Organization\",\"@id\":\"https:\\\/\\\/solucoespegasus.com.br\\\/#organization\",\"name\":\"Pegasus\",\"url\":\"https:\\\/\\\/solucoespegasus.com.br\\\/\",\"logo\":{\"@type\":\"ImageObject\",\"inLanguage\":\"en-US\",\"@id\":\"https:\\\/\\\/solucoespegasus.com.br\\\/#\\\/schema\\\/logo\\\/image\\\/\",\"url\":\"https:\\\/\\\/solucoespegasus.com.br\\\/wp-content\\\/uploads\\\/2026\\\/01\\\/Pegasus-1.png\",\"contentUrl\":\"https:\\\/\\\/solucoespegasus.com.br\\\/wp-content\\\/uploads\\\/2026\\\/01\\\/Pegasus-1.png\",\"width\":640,\"height\":640,\"caption\":\"Pegasus\"},\"image\":{\"@id\":\"https:\\\/\\\/solucoespegasus.com.br\\\/#\\\/schema\\\/logo\\\/image\\\/\"}}]}<\/script>\n<!-- \/ Yoast SEO plugin. -->","yoast_head_json":{"title":"Or\u00e7amento - Pegasus","description":"Pe\u00e7a o seu or\u00e7amento com a nossa equipe e garanta a seguran\u00e7a que seu condom\u00ednio, sua empresa ou sua resid\u00eancia precisa.","robots":{"index":"index","follow":"follow","max-snippet":"max-snippet:-1","max-image-preview":"max-image-preview:large","max-video-preview":"max-video-preview:-1"},"canonical":"https:\/\/solucoespegasus.com.br\/en\/orcamento\/","og_locale":"en_US","og_type":"article","og_title":"Or\u00e7amento - Pegasus","og_description":"Pe\u00e7a o seu or\u00e7amento com a nossa equipe e garanta a seguran\u00e7a que seu condom\u00ednio, sua empresa ou sua resid\u00eancia precisa.","og_url":"https:\/\/solucoespegasus.com.br\/en\/orcamento\/","og_site_name":"Pegasus","article_modified_time":"2026-01-22T04:58:49+00:00","twitter_card":"summary_large_image","twitter_misc":{"Est. reading time":"1 minute"},"schema":{"@context":"https:\/\/schema.org","@graph":[{"@type":"WebPage","@id":"https:\/\/solucoespegasus.com.br\/orcamento\/","url":"https:\/\/solucoespegasus.com.br\/orcamento\/","name":"Or\u00e7amento - Pegasus","isPartOf":{"@id":"https:\/\/solucoespegasus.com.br\/#website"},"datePublished":"2022-03-23T07:56:55+00:00","dateModified":"2026-01-22T04:58:49+00:00","description":"Pe\u00e7a o seu or\u00e7amento com a nossa equipe e garanta a seguran\u00e7a que seu condom\u00ednio, sua empresa ou sua resid\u00eancia precisa.","breadcrumb":{"@id":"https:\/\/solucoespegasus.com.br\/orcamento\/#breadcrumb"},"inLanguage":"en-US","potentialAction":[{"@type":"ReadAction","target":["https:\/\/solucoespegasus.com.br\/orcamento\/"]}]},{"@type":"BreadcrumbList","@id":"https:\/\/solucoespegasus.com.br\/orcamento\/#breadcrumb","itemListElement":[{"@type":"ListItem","position":1,"name":"In\u00edcio","item":"https:\/\/solucoespegasus.com.br\/"},{"@type":"ListItem","position":2,"name":"Or\u00e7amento"}]},{"@type":"WebSite","@id":"https:\/\/solucoespegasus.com.br\/#website","url":"https:\/\/solucoespegasus.com.br\/","name":"Pegasus","description":"Intelig\u00eancia que Protege","publisher":{"@id":"https:\/\/solucoespegasus.com.br\/#organization"},"potentialAction":[{"@type":"SearchAction","target":{"@type":"EntryPoint","urlTemplate":"https:\/\/solucoespegasus.com.br\/?s={search_term_string}"},"query-input":{"@type":"PropertyValueSpecification","valueRequired":true,"valueName":"search_term_string"}}],"inLanguage":"en-US"},{"@type":"Organization","@id":"https:\/\/solucoespegasus.com.br\/#organization","name":"Pegasus","url":"https:\/\/solucoespegasus.com.br\/","logo":{"@type":"ImageObject","inLanguage":"en-US","@id":"https:\/\/solucoespegasus.com.br\/#\/schema\/logo\/image\/","url":"https:\/\/solucoespegasus.com.br\/wp-content\/uploads\/2026\/01\/Pegasus-1.png","contentUrl":"https:\/\/solucoespegasus.com.br\/wp-content\/uploads\/2026\/01\/Pegasus-1.png","width":640,"height":640,"caption":"Pegasus"},"image":{"@id":"https:\/\/solucoespegasus.com.br\/#\/schema\/logo\/image\/"}}]}},"_links":{"self":[{"href":"https:\/\/solucoespegasus.com.br\/en\/wp-json\/wp\/v2\/pages\/3035","targetHints":{"allow":["GET"]}}],"collection":[{"href":"https:\/\/solucoespegasus.com.br\/en\/wp-json\/wp\/v2\/pages"}],"about":[{"href":"https:\/\/solucoespegasus.com.br\/en\/wp-json\/wp\/v2\/types\/page"}],"author":[{"embeddable":true,"href":"https:\/\/solucoespegasus.com.br\/en\/wp-json\/wp\/v2\/users\/1"}],"replies":[{"embeddable":true,"href":"https:\/\/solucoespegasus.com.br\/en\/wp-json\/wp\/v2\/comments?post=3035"}],"version-history":[{"count":0,"href":"https:\/\/solucoespegasus.com.br\/en\/wp-json\/wp\/v2\/pages\/3035\/revisions"}],"wp:attachment":[{"href":"https:\/\/solucoespegasus.com.br\/en\/wp-json\/wp\/v2\/media?parent=3035"}],"curies":[{"name":"wp","href":"https:\/\/api.w.org\/{rel}","templated":true}]}}